{"id":19,"date":"2024-01-09T14:08:01","date_gmt":"2024-01-09T13:08:01","guid":{"rendered":"https:\/\/sepeformacion.grupomainjobs.com\/?page_id=19"},"modified":"2026-02-17T10:47:11","modified_gmt":"2026-02-17T09:47:11","slug":"aviso-legal","status":"publish","type":"page","link":"https:\/\/sepeformacion.grupomainjobs.com\/cat\/aviso-legal\/","title":{"rendered":"Av\u00eds legal"},"content":{"rendered":"<p>El Present AV\u00cdS LEGAL pret\u00e9n regular la relaci\u00f3 entre aquest lloc web (grupomainjobs.com) i els usuaris del mateix per donar compliment amb all\u00f2 establert a la Llei 34\/2002, d&#039;11 de juliol, de serveis de la societat de la informaci\u00f3 i de comer\u00e7 electr\u00f2nic, a continuaci\u00f3 s&#039;indiquen les dades d&#039;informaci\u00f3 general d&#039;aquest lloc web:<\/p>\n\n\n\n<ul class=\"wp-block-list\">\n<li><strong>Titular<\/strong>: MAINJOBS INTERNACIONAL EDUCATIVA I TECNOL\u00d2GICA SAU<\/li>\n\n\n\n<li><strong>Direcci\u00f3<\/strong>: Bulevard Louis Pasteur 15 local Edifici Sky Garden. 29010 M\u00e0laga<\/li>\n\n\n\n<li><strong>Contacte<\/strong>: compliment@grupomainjobs.com<\/li>\n\n\n\n<li><strong>CIF<\/strong>: A-92909068<\/li>\n\n\n\n<li><strong>Dades Registrals<\/strong>: Registre Mercantil de M\u00e0laga, Tom: 4459, Llibre: 3368, Foli: 79, Full: MA\u221295730<\/li>\n<\/ul>\n\n\n\n<p><strong>1. \u00c0mbit d&#039;aplicaci\u00f3<\/strong><\/p>\n\n\n\n<p>Aquest document inclou les condicions generals aplicables per a l&#039;acc\u00e9s, la navegaci\u00f3 i la utilitzaci\u00f3 en general del contingut del portal grupomainjobs.com. Aix\u00ed mateix, s&#039;inclou la responsabilitat per la utilitzaci\u00f3 de qualsevol contingut incl\u00f2s a grupomainjobs.com, la qual cosa inclou textos, dissenys, fotografies, logotips, m\u00fasica, bases de dades i, en general, qualsevol creaci\u00f3 susceptible de ser protegida per les lleis nacionals i internacionals.<\/p>\n\n\n\n<p>S&#039;ent\u00e9n com a usuaris qualsevol persona que navegui, accedeixi o utilitzi qualsevol de les p\u00e0gines, serveis, utilitats o activitats en general inclosos al portal grupomainjobs.com.<\/p>\n\n\n\n<p>La mera utilitzaci\u00f3 del portal grupomainjobs.com o acc\u00e9s al mateix per qualsevol usuari implica l&#039;acceptaci\u00f3 de les condicions generals que s&#039;indiquen a continuaci\u00f3, per tant l&#039;usuari ha de llegir atentament el contingut d&#039;aquestes condicions generals.<\/p>\n\n\n\n<p>A trav\u00e9s de grupomainjobs.com ser\u00e0 possible accedir a determinats serveis, p\u00e0gines web i, en general, activitats gestionades per tercers no relacionats amb MAINJOBS, per la qual cosa les condicions generals aplicables seran les indicades pels tercers.<\/p>\n\n\n\n<p><strong>2. Drets de propietat intel\u00b7lectual i industrial<\/strong><\/p>\n\n\n\n<p>MAINJOBS disposa de les llic\u00e8ncies de drets d&#039;explotacions intel\u00b7lectual i industrial de tot el contingut disponible dins del portal grupomainjobs.com. L&#039;acc\u00e9s per part dels usuaris al contingut de grupomainjobs.com no suposa, per descomptat, transmissi\u00f3, ren\u00fancia i, en general, cap modificaci\u00f3 de les llic\u00e8ncies d&#039;explotaci\u00f3.<\/p>\n\n\n\n<p>En conseq\u00fc\u00e8ncia, no es permet la reproducci\u00f3, c\u00f2pia, reutilitzaci\u00f3, explotaci\u00f3, transmissi\u00f3 per qualsevol mitj\u00e0, modificaci\u00f3 o distribuci\u00f3 de tot o part dels continguts de grupomainjobs.com si no es disposa d&#039;autoritzaci\u00f3 per escrit de MAINJOBS o del titular dels drets corresponents. Aix\u00ed mateix, el contingut de grupomainjobs.com s&#039;ofereix \u00fanicament i exclusiva a usuaris finals, per la qual cosa qualsevol utilitzaci\u00f3 comercial del contingut del portal sense autoritzaci\u00f3 per escrit de MAINJOBS o del titular dels drets corresponents est\u00e0 prohibida.<\/p>\n\n\n\n<p>En general, l&#039;acc\u00e9s als continguts de grupomainjobs.com \u00e9s lliure i gratu\u00eft, tot i que en part dels serveis i el contingut es pot exigir el registre de l&#039;usuari o estar subjectes a l&#039;acceptaci\u00f3 de condicions particulars que estaran indicades de manera clara. En general, qualsevol dada personal que es pugui sol\u00b7licitar a grupomainjobs.com ser\u00e0 tractada segons el que preveu la legislaci\u00f3 vigent sobre dades personals.<\/p>\n\n\n\n<p><strong>3. Usuaris: registre i obligacions<\/strong><\/p>\n\n\n\n<p>L&#039;usuari ha de procedir al seu registre per accedir a determinats continguts i serveis de grupomainjobs.com, per la qual cosa haur\u00e0 d&#039;aportar la informaci\u00f3 sol\u00b7licitada per al registre. L&#039;usuari \u00e9s responsable d&#039;aportar \u00fanicament informaci\u00f3 vera\u00e7 i fer-ne una utilitzaci\u00f3 i cust\u00f2dia responsable del nom d&#039;usuari i contrasenya subministrats quan siguin necessaris per accedir a aquests serveis i continguts. Aix\u00ed mateix, haureu de comunicar amb la dilig\u00e8ncia deguda als gestors de grupomainjobs.com qualsevol incid\u00e8ncia, robatori, p\u00e8rdua o utilitzaci\u00f3 indeguda del nom d&#039;usuari i contrasenya que se us hagin assignat.<\/p>\n\n\n\n<p>Aix\u00ed mateix, l&#039;usuari declara i garanteix que qualsevol informaci\u00f3 enviada per ell mateix a www.mainjobs.com no infringeix drets de propietat intel\u00b7lectual, industrial, marca o, en general, qualsevol dret susceptible de ser protegit per la legislaci\u00f3 nacional o internacional. L&#039;usuari eximeix MAINJOBS de qualsevol responsabilitat per la informaci\u00f3 enviada per ell mateix a grupomainjobs.com.<\/p>\n\n\n\n<p><strong>4. Informaci\u00f3 de tercers i enlla\u00e7os<\/strong><\/p>\n\n\n\n<p>A grupomainjobs.com poden arribar a existir enlla\u00e7os a altres portals i p\u00e0gines webs mitjan\u00e7ant botons, banners, links i altres mitjans, els quals no s\u00f3n gestionats per MAINJOBS, pels quals MAINJOBS no assumeix cap tipus de responsabilitat pel contingut d&#039;aquests portals o p\u00e0gina webs de tercers.<\/p>\n\n\n\n<p>Els portals i llocs web que vulguin establir algun enlla\u00e7 amb grupomainjobs.com hauran de complir les regles seg\u00fcents:<\/p>\n\n\n\n<ul class=\"wp-block-list\">\n<li>No s&#039;han d&#039;utilitzar elements identificatius de grupmainjobs.com o MAINJOBS a l&#039;enlla\u00e7, llevat d&#039;autoritzaci\u00f3 per escrit de MAINJOBS.<\/li>\n\n\n\n<li>L&#039;enlla\u00e7 ha d&#039;estar dirigit \u00fanicament i exclusivament a la p\u00e0gina principal o Home de grupomainjobs.com, llevat d&#039;autoritzaci\u00f3 expressa i per escrit. No es permeten enlla\u00e7os a altres p\u00e0gines de grupomainjobs.com.<\/li>\n\n\n\n<li>Especialment, queda prohibida la presentaci\u00f3 d&#039;una p\u00e0gina o part d&#039;una p\u00e0gina en marc d&#039;una altra p\u00e0gina web mitjan\u00e7ant la t\u00e8cnica coneguda com a \u201cframing\u201d.<\/li>\n\n\n\n<li>L&#039;enlla\u00e7 ha de ser complet, sense modificacions i ha d&#039;abastar completament el contingut de la p\u00e0gina principal de grupomainjobs.com.<\/li>\n\n\n\n<li>No s&#039;autoritzen enlla\u00e7os a grupomainjobs.com des de p\u00e0gines que, en general, continguin elements en contra de la moral, l&#039;ordre p\u00fablic i les normes socials generalment acceptades.<\/li>\n<\/ul>\n\n\n\n<p><strong>5. Garanties<\/strong><\/p>\n\n\n\n<p>MAINJOBS no respon de la veracitat, integritat o actualitzaci\u00f3 de les informacions que no siguin d&#039;elaboraci\u00f3 pr\u00f2pia i de les quals s&#039;indiqui una altra font, aix\u00ed com tampoc de les contingudes en altres llocs web mitjan\u00e7ant hiperenlla\u00e7 o vincle, facilitats a l&#039;usuari com a fonts alternatives d&#039;informaci\u00f3 , que es regiran pels termes i condicions d&#039;utilitzaci\u00f3 que a aquest efecte resultin exigibles pels titulars d&#039;aquests llocs web, per la qual cosa MAINJOBS, no assumeix cap responsabilitat quant a hipot\u00e8tics perjudicis que poguessin originar-se per l&#039;\u00fas de les informacions esmentades.<\/p>\n\n\n\n<p>MAINJOBS es reserva el dret a actualitzar, modificar o eliminar la informaci\u00f3 continguda a grupomainjobs.com.<\/p>\n\n\n\n<p>MAINJOBS ha procedit a adoptar les mesures pertinents per minimitzar el risc de virus i altres elements nocius per als usuaris, per\u00f2 tot i aix\u00ed no pot garantir:<\/p>\n\n\n\n<ul class=\"wp-block-list\">\n<li>L&#039;abs\u00e8ncia de virus i\/o altres components nocius a grupomainjobs.com o al servidor que el subministra<\/li>\n\n\n\n<li>La invulnerabilitat de grupomainjobs.com i\/o la inexpugnabilitat de les mesures de seguretat que s&#039;hi adoptin<\/li>\n\n\n\n<li>Les conseq\u00fc\u00e8ncies generades per la vulneraci\u00f3 dels sistemes de seguretat de grupomainjobs.com<\/li>\n\n\n\n<li>Els danys o perjudicis generats a qualsevol persona en infringir-se les condicions, normes i instruccions que MAINJOBS estableix a grupomainjobs.com<\/li>\n<\/ul>\n\n\n\n<p><strong>6. Vig\u00e8ncia<\/strong><\/p>\n\n\n\n<p>MAINJOBS podr\u00e0 modificar en qualsevol moment aquestes condicions generals, totalment o parcialment, publicant les modificacions directament o comunicant-ho als usuaris a trav\u00e9s de qualsevol tipus de comunicaci\u00f3. Per tant, les condicions generals estaran vigents \u00fanicament i exclusiva durant el per\u00edode d&#039;exposici\u00f3.<\/p>\n\n\n\n<p><strong>7. Generalitats i jurisdicci\u00f3<\/strong><\/p>\n\n\n\n<p>Si hi ha discrep\u00e0ncies entre les condicions particulars d&#039;algun servei o contingut espec\u00edfic i les condicions generals, prevalen les corresponents al servei o contingut espec\u00edfic.<\/p>\n\n\n\n<p>Si qualsevol disposici\u00f3 fos considerada, totalment o parcialment, nul\u00b7la o inaplicable per l&#039;\u00f2rgan judicial o administratiu corresponent, la resta de disposicions de les condicions generals mantindrien la vig\u00e8ncia.<\/p>\n\n\n\n<p>El no exercici o execuci\u00f3 de qualsevol dret o disposici\u00f3 d&#039;aquestes condicions generals per MAINJOBS no suposa ren\u00fancia, llevat d&#039;acord per escrit entre les parts.<\/p>\n\n\n\n<p>Les parts, MAINJOBS i els usuaris, renuncien expressament a qualsevol fur que els pogu\u00e9s correspondre i se sotmeten als Jutjats i Tribunals de M\u00e0laga.<\/p>\n\n\n\n<p><strong>8. Usuaris An\u00f2nims<\/strong><\/p>\n\n\n\n<p>MAINJOBS conserva determinada informaci\u00f3 dels usuaris i\/o empreses que accedeixen a grupomainjobs.com i que no fan el proc\u00e9s de registre i identificaci\u00f3, \u00e9s a dir, usuari i\/o empreses i\/o empreses an\u00f2nims. El detall d&#039;aquesta informaci\u00f3 \u00e9s el seg\u00fcent:<\/p>\n\n\n\n<ul class=\"wp-block-list\">\n<li>Adre\u00e7a IP i nom del domini del prove\u00efdor d&#039;acc\u00e9s a Internet. D&#039;aquesta manera podem elaborar estad\u00edstiques sobre els pa\u00efsos i servidors que visiten m\u00e9s sovint el nostre web.<\/li>\n\n\n\n<li>Data i hora d&#039;acc\u00e9s a grupomainjobs.com, per efectuar an\u00e0lisis estad\u00edstiques d&#039;aflu\u00e8ncia i evitar problemes de saturaci\u00f3.<\/li>\n\n\n\n<li>L&#039;adre\u00e7a d&#039;Internet des de la qual va partir el link que dirigeix a la nostra web.<\/li>\n\n\n\n<li>Seccions visitades pels usuaris i\/o empreses i\/o empreses an\u00f2nims.<\/li>\n<\/ul>\n\n\n\n<p>La informaci\u00f3 obtinguda \u00e9s totalment an\u00f2nima, i en cap cas no pot ser associada a un usuari i\/o empresa concret i identificat o identificable.<\/p>\n\n\n\n<style>\r\n#main li {\r\n    margin-bottom: 0;\r\n}\r\n\r\n.entry-content>* {\r\n    margin-bottom: 20px;\r\n}\r\n<\/style>","protected":false},"excerpt":{"rendered":"<p>El Present AV\u00cdS LEGAL pret\u00e9n regular la relaci\u00f3 entre aquest lloc web (grupomainjobs.com) i els usuaris del mateix per donar compliment amb all\u00f2 establert a la Llei 34\/2002, d&#039;11 de juliol, de serveis de la societat de la informaci\u00f3 i de comer\u00e7 electr\u00f2nic, a continuaci\u00f3 s&#039;indiquen les dades d&#039;informaci\u00f3 general d&#039;aquest [\u2026]<\/p>","protected":false},"author":3,"featured_media":0,"parent":0,"menu_order":0,"comment_status":"closed","ping_status":"closed","template":"","meta":{"footnotes":""},"class_list":["post-19","page","type-page","status-publish","hentry"],"blocksy_meta":[],"yoast_head":"<!-- This site is optimized with the Yoast SEO plugin v26.9 - https:\/\/yoast.com\/product\/yoast-seo-wordpress\/ -->\n<title>Aviso legal - SEPE Formaci\u00f3n<\/title>\n<meta name=\"robots\" content=\"noindex, nofollow\" \/>\n<meta property=\"og:locale\" content=\"ca_ES\" \/>\n<meta property=\"og:type\" content=\"article\" \/>\n<meta property=\"og:title\" content=\"Aviso legal - SEPE Formaci\u00f3n\" \/>\n<meta property=\"og:description\" content=\"El Presente AVISO LEGAL pretende regular la relaci\u00f3n entre este sitio web (grupomainjobs.com) y los usuarios del mismo para dar cumplimiento con lo establecido en la Ley 34\/2002, de 11 de julio, de servicios de la sociedad de la informaci\u00f3n y de comercio electr\u00f3nico, a continuaci\u00f3n se indican los datos de informaci\u00f3n general de este [&hellip;]\" \/>\n<meta property=\"og:url\" content=\"https:\/\/sepeformacion.grupomainjobs.com\/cat\/aviso-legal\/\" \/>\n<meta property=\"og:site_name\" content=\"SEPE Formaci\u00f3n\" \/>\n<meta property=\"article:modified_time\" content=\"2026-02-17T09:47:11+00:00\" \/>\n<meta name=\"twitter:card\" content=\"summary_large_image\" \/>\n<meta name=\"twitter:label1\" content=\"Temps estimat de lectura\" \/>\n\t<meta name=\"twitter:data1\" content=\"6 minuts\" \/>\n<script type=\"application\/ld+json\" class=\"yoast-schema-graph\">{\"@context\":\"https:\/\/schema.org\",\"@graph\":[{\"@type\":\"WebPage\",\"@id\":\"https:\/\/sepeformacion.grupomainjobs.com\/aviso-legal\/\",\"url\":\"https:\/\/sepeformacion.grupomainjobs.com\/aviso-legal\/\",\"name\":\"Aviso legal - SEPE Formaci\u00f3n\",\"isPartOf\":{\"@id\":\"https:\/\/sepeformacion.grupomainjobs.com\/#website\"},\"datePublished\":\"2024-01-09T13:08:01+00:00\",\"dateModified\":\"2026-02-17T09:47:11+00:00\",\"inLanguage\":\"ca\",\"potentialAction\":[{\"@type\":\"ReadAction\",\"target\":[\"https:\/\/sepeformacion.grupomainjobs.com\/aviso-legal\/\"]}]},{\"@type\":\"WebSite\",\"@id\":\"https:\/\/sepeformacion.grupomainjobs.com\/#website\",\"url\":\"https:\/\/sepeformacion.grupomainjobs.com\/\",\"name\":\"SEPE Formaci\u00f3n\",\"description\":\"Certif\u00edcate online en nuevas competencias profesionales.\",\"publisher\":{\"@id\":\"https:\/\/sepeformacion.grupomainjobs.com\/#organization\"},\"potentialAction\":[{\"@type\":\"SearchAction\",\"target\":{\"@type\":\"EntryPoint\",\"urlTemplate\":\"https:\/\/sepeformacion.grupomainjobs.com\/?s={search_term_string}\"},\"query-input\":{\"@type\":\"PropertyValueSpecification\",\"valueRequired\":true,\"valueName\":\"search_term_string\"}}],\"inLanguage\":\"ca\"},{\"@type\":\"Organization\",\"@id\":\"https:\/\/sepeformacion.grupomainjobs.com\/#organization\",\"name\":\"SEPE Formaci\u00f3n\",\"url\":\"https:\/\/sepeformacion.grupomainjobs.com\/\",\"logo\":{\"@type\":\"ImageObject\",\"inLanguage\":\"ca\",\"@id\":\"https:\/\/sepeformacion.grupomainjobs.com\/#\/schema\/logo\/image\/\",\"url\":\"https:\/\/sepeformacion.grupomainjobs.com\/wp-content\/uploads\/2024\/01\/logos-cat-y-mainjobs.svg\",\"contentUrl\":\"https:\/\/sepeformacion.grupomainjobs.com\/wp-content\/uploads\/2024\/01\/logos-cat-y-mainjobs.svg\",\"width\":2114,\"height\":121,\"caption\":\"SEPE Formaci\u00f3n\"},\"image\":{\"@id\":\"https:\/\/sepeformacion.grupomainjobs.com\/#\/schema\/logo\/image\/\"}}]}<\/script>\n<!-- \/ Yoast SEO plugin. -->","yoast_head_json":{"title":"Av\u00eds legal - SEPE Formaci\u00f3","robots":{"index":"noindex","follow":"nofollow"},"og_locale":"ca_ES","og_type":"article","og_title":"Aviso legal - SEPE Formaci\u00f3n","og_description":"El Presente AVISO LEGAL pretende regular la relaci\u00f3n entre este sitio web (grupomainjobs.com) y los usuarios del mismo para dar cumplimiento con lo establecido en la Ley 34\/2002, de 11 de julio, de servicios de la sociedad de la informaci\u00f3n y de comercio electr\u00f3nico, a continuaci\u00f3n se indican los datos de informaci\u00f3n general de este [&hellip;]","og_url":"https:\/\/sepeformacion.grupomainjobs.com\/cat\/aviso-legal\/","og_site_name":"SEPE Formaci\u00f3n","article_modified_time":"2026-02-17T09:47:11+00:00","twitter_card":"summary_large_image","twitter_misc":{"Temps estimat de lectura":"6 minuts"},"schema":{"@context":"https:\/\/schema.org","@graph":[{"@type":"WebPage","@id":"https:\/\/sepeformacion.grupomainjobs.com\/aviso-legal\/","url":"https:\/\/sepeformacion.grupomainjobs.com\/aviso-legal\/","name":"Av\u00eds legal - SEPE Formaci\u00f3","isPartOf":{"@id":"https:\/\/sepeformacion.grupomainjobs.com\/#website"},"datePublished":"2024-01-09T13:08:01+00:00","dateModified":"2026-02-17T09:47:11+00:00","inLanguage":"ca","potentialAction":[{"@type":"ReadAction","target":["https:\/\/sepeformacion.grupomainjobs.com\/aviso-legal\/"]}]},{"@type":"WebSite","@id":"https:\/\/sepeformacion.grupomainjobs.com\/#website","url":"https:\/\/sepeformacion.grupomainjobs.com\/","name":"SEPE Formaci\u00f3","description":"Certifica&#039;t en l\u00ednia en noves compet\u00e8ncies professionals.","publisher":{"@id":"https:\/\/sepeformacion.grupomainjobs.com\/#organization"},"potentialAction":[{"@type":"SearchAction","target":{"@type":"EntryPoint","urlTemplate":"https:\/\/sepeformacion.grupomainjobs.com\/?s={search_term_string}"},"query-input":{"@type":"PropertyValueSpecification","valueRequired":true,"valueName":"search_term_string"}}],"inLanguage":"ca"},{"@type":"Organization","@id":"https:\/\/sepeformacion.grupomainjobs.com\/#organization","name":"SEPE Formaci\u00f3","url":"https:\/\/sepeformacion.grupomainjobs.com\/","logo":{"@type":"ImageObject","inLanguage":"ca","@id":"https:\/\/sepeformacion.grupomainjobs.com\/#\/schema\/logo\/image\/","url":"https:\/\/sepeformacion.grupomainjobs.com\/wp-content\/uploads\/2024\/01\/logos-cat-y-mainjobs.svg","contentUrl":"https:\/\/sepeformacion.grupomainjobs.com\/wp-content\/uploads\/2024\/01\/logos-cat-y-mainjobs.svg","width":2114,"height":121,"caption":"SEPE Formaci\u00f3n"},"image":{"@id":"https:\/\/sepeformacion.grupomainjobs.com\/#\/schema\/logo\/image\/"}}]}},"_links":{"self":[{"href":"https:\/\/sepeformacion.grupomainjobs.com\/cat\/wp-json\/wp\/v2\/pages\/19","targetHints":{"allow":["GET"]}}],"collection":[{"href":"https:\/\/sepeformacion.grupomainjobs.com\/cat\/wp-json\/wp\/v2\/pages"}],"about":[{"href":"https:\/\/sepeformacion.grupomainjobs.com\/cat\/wp-json\/wp\/v2\/types\/page"}],"author":[{"embeddable":true,"href":"https:\/\/sepeformacion.grupomainjobs.com\/cat\/wp-json\/wp\/v2\/users\/3"}],"replies":[{"embeddable":true,"href":"https:\/\/sepeformacion.grupomainjobs.com\/cat\/wp-json\/wp\/v2\/comments?post=19"}],"version-history":[{"count":1,"href":"https:\/\/sepeformacion.grupomainjobs.com\/cat\/wp-json\/wp\/v2\/pages\/19\/revisions"}],"predecessor-version":[{"id":2352,"href":"https:\/\/sepeformacion.grupomainjobs.com\/cat\/wp-json\/wp\/v2\/pages\/19\/revisions\/2352"}],"wp:attachment":[{"href":"https:\/\/sepeformacion.grupomainjobs.com\/cat\/wp-json\/wp\/v2\/media?parent=19"}],"curies":[{"name":"wp","href":"https:\/\/api.w.org\/{rel}","templated":true}]}}