{"id":12,"date":"2024-01-09T13:40:38","date_gmt":"2024-01-09T12:40:38","guid":{"rendered":"https:\/\/sepeformacion.grupomainjobs.com\/?page_id=12"},"modified":"2025-08-21T10:39:30","modified_gmt":"2025-08-21T08:39:30","slug":"cursos-sepe-erte-barcelona","status":"publish","type":"page","link":"https:\/\/sepeformacion.grupomainjobs.com\/cat\/","title":{"rendered":"Digitalitzaci\u00f3 professional"},"content":{"rendered":"<div class=\"gb-container gb-container-700b96b2 alignfull\" id=\"Video\">\n\n<div class=\"wp-block-nk-awb nk-awb has-var-theme-palette-color-1-0-e-1-e-3-d-background-color has-background\"><div class=\"nk-awb-wrap\" style=\"background:var(--theme-palette-color-1, #0E1E3D)\" data-awb-type=\"image\" data-awb-image-background-size=\"cover\" data-awb-image-background-position=\"50% 50%\"><div class=\"nk-awb-inner\" style=\"opacity: 0.6;\"><img loading=\"lazy\" decoding=\"async\" src=\"https:\/\/sepeformacion.grupomainjobs.com\/wp-content\/uploads\/2024\/12\/Banner-pagina-principal-sepe.png\" class=\"wp-image-1757 jarallax-img\" width=\"4125\" height=\"910\" srcset=\"https:\/\/sepeformacion.grupomainjobs.com\/wp-content\/uploads\/2024\/12\/Banner-pagina-principal-sepe.png 4125w, https:\/\/sepeformacion.grupomainjobs.com\/wp-content\/uploads\/2024\/12\/Banner-pagina-principal-sepe-300x66.png 300w, https:\/\/sepeformacion.grupomainjobs.com\/wp-content\/uploads\/2024\/12\/Banner-pagina-principal-sepe-1024x226.png 1024w, https:\/\/sepeformacion.grupomainjobs.com\/wp-content\/uploads\/2024\/12\/Banner-pagina-principal-sepe-768x169.png 768w, https:\/\/sepeformacion.grupomainjobs.com\/wp-content\/uploads\/2024\/12\/Banner-pagina-principal-sepe-1536x339.png 1536w, https:\/\/sepeformacion.grupomainjobs.com\/wp-content\/uploads\/2024\/12\/Banner-pagina-principal-sepe-2048x452.png 2048w, https:\/\/sepeformacion.grupomainjobs.com\/wp-content\/uploads\/2024\/12\/Banner-pagina-principal-sepe-18x4.png 18w, https:\/\/sepeformacion.grupomainjobs.com\/wp-content\/uploads\/2024\/12\/Banner-pagina-principal-sepe-500x110.png 500w, https:\/\/sepeformacion.grupomainjobs.com\/wp-content\/uploads\/2024\/12\/Banner-pagina-principal-sepe-800x176.png 800w, https:\/\/sepeformacion.grupomainjobs.com\/wp-content\/uploads\/2024\/12\/Banner-pagina-principal-sepe-1280x282.png 1280w, https:\/\/sepeformacion.grupomainjobs.com\/wp-content\/uploads\/2024\/12\/Banner-pagina-principal-sepe-1920x424.png 1920w\" sizes=\"auto, (max-width: 4125px) 100vw, 4125px\" \/><\/div><\/div><div class=\"nk-awb-wrap-content is-layout-constrained wp-block-nk-awb-is-layout-constrained\"><div class=\"gb-container gb-container-c4da8a4b\">\n<div class=\"gb-grid-wrapper gb-grid-wrapper-91a391ef\">\n<div class=\"gb-grid-column gb-grid-column-f2e72ebc\"><div class=\"gb-container gb-container-f2e72ebc\">\n\n<p class=\"gb-headline gb-headline-d84c4d56 gb-headline-text\">Programa de <strong>digitalitzaci\u00f3<\/strong> <strong>professional<\/strong><\/p>\n\n\n\n<p class=\"gb-headline gb-headline-e90f7508 gb-headline-text\" data-aos=\"fade\" data-aos-duration=\"1000\"><strong><strong>Certifica&#039;t en l\u00ednia en noves compet\u00e8ncies professionals!<\/strong><\/strong><\/p>\n\n\n\n<\/div><\/div>\n\n<div class=\"gb-grid-column gb-grid-column-99e61406\"><div class=\"gb-container gb-container-99e61406\">\n\n<\/div><\/div>\n<\/div>\n<\/div><\/div><\/div>\n\n<\/div>\n\n<div class=\"gb-container gb-container-a9a52ae0 alignfull\" id=\"Cursos\">\n<div class=\"gb-container gb-container-2e1300b7\">\n<div class=\"gb-container gb-container-1518e074\"><div class=\"gb-inside-container\">\n\n<h2 class=\"gb-headline gb-headline-b0f96dde gb-headline-text alturaLinea\"><strong>Tria entre els seg\u00fcents <span style=\"background-image: linear-gradient(195deg,#e5ebf0,#e5e6e8);background-repeat: no-repeat;background-position: 9px bottom;background-size: 100% 17px;border-radius: 110px;\"><strong>cursos<\/strong><\/span><\/strong>:<\/h2>\n\n\n<div class=\"gb-grid-wrapper gb-grid-wrapper-db11b6ac\">\n<div data-aos-duration=\"1000\" data-aos=\"fade-up\" class=\"gb-grid-column gb-grid-column-9b124c52\"><div class=\"gb-container gb-container-9b124c52 animado\">\n<div class=\"gb-container gb-container-000820c3\">\n\n<figure class=\"gb-block-image gb-block-image-08e0882b\"><img loading=\"lazy\" decoding=\"async\" width=\"573\" height=\"219\" class=\"gb-image gb-image-08e0882b\" src=\"https:\/\/sepeformacion.grupomainjobs.com\/wp-content\/uploads\/2024\/11\/Frame-168.png\" alt=\"\" title=\"Frame 168\" srcset=\"https:\/\/sepeformacion.grupomainjobs.com\/wp-content\/uploads\/2024\/11\/Frame-168.png 573w, https:\/\/sepeformacion.grupomainjobs.com\/wp-content\/uploads\/2024\/11\/Frame-168-300x115.png 300w, https:\/\/sepeformacion.grupomainjobs.com\/wp-content\/uploads\/2024\/11\/Frame-168-18x7.png 18w, https:\/\/sepeformacion.grupomainjobs.com\/wp-content\/uploads\/2024\/11\/Frame-168-500x191.png 500w\" sizes=\"auto, (max-width: 573px) 100vw, 573px\" \/><\/figure>\n\n\n\n<h2 class=\"gb-headline gb-headline-bc77196a gb-headline-text\">E<strong><strong><strong><strong><strong><a href=\"https:\/\/sepeformacion.grupomainjobs.com\/cat\/curso-de-especialista-en-transformacion-digital-y-desarrollo-sostenible\/\"><strong>specialista en transformaci\u00f3 digital i desenvolupament sostenible<\/strong><\/a><\/strong><\/strong><\/strong><\/strong><\/strong><\/h2>\n\n\n<div class=\"gb-container gb-container-b183a3bd\">\n\n<div class=\"wp-block-group is-layout-grid wp-container-core-group-is-layout-01f0f96e wp-block-group-is-layout-grid\" style=\"margin-top:0;margin-bottom:0\">\n<p class=\"gb-headline gb-headline-73ca3497\"><span class=\"gb-icon\"><svg viewbox=\"0 0 16 16\" class=\"bi bi-calendar3\" fill=\"currentColor\" height=\"16\" width=\"16\" xmlns=\"http:\/\/www.w3.org\/2000\/svg\">   <path d=\"M14 0H2a2 2 0 0 0-2 2v12a2 2 0 0 0 2 2h12a2 2 0 0 0 2-2V2a2 2 0 0 0-2-2zM1 3.857C1 3.384 1.448 3 2 3h12c.552 0 1 .384 1 .857v10.286c0 .473-.448.857-1 .857H2c-.552 0-1-.384-1-.857V3.857z\"><\/path>   <path d=\"M6.5 7a1 1 0 1 0 0-2 1 1 0 0 0 0 2zm3 0a1 1 0 1 0 0-2 1 1 0 0 0 0 2zm3 0a1 1 0 1 0 0-2 1 1 0 0 0 0 2zm-9 3a1 1 0 1 0 0-2 1 1 0 0 0 0 2zm3 0a1 1 0 1 0 0-2 1 1 0 0 0 0 2zm3 0a1 1 0 1 0 0-2 1 1 0 0 0 0 2zm3 0a1 1 0 1 0 0-2 1 1 0 0 0 0 2zm-9 3a1 1 0 1 0 0-2 1 1 0 0 0 0 2zm3 0a1 1 0 1 0 0-2 1 1 0 0 0 0 2zm3 0a1 1 0 1 0 0-2 1 1 0 0 0 0 2z\"><\/path> <\/svg><\/span><span class=\"gb-headline-text\"><strong><strong>Convocat\u00f2ria Oberta<\/strong><\/strong><\/span><\/p>\n<\/div>\n\n\n\n<div class=\"wp-block-group is-layout-grid wp-container-core-group-is-layout-29271053 wp-block-group-is-layout-grid\">\n<p class=\"gb-headline gb-headline-bfd94833\"><span class=\"gb-icon\"><svg viewbox=\"0 0 16 16\" class=\"bi bi-clock\" fill=\"currentColor\" height=\"16\" width=\"16\" xmlns=\"http:\/\/www.w3.org\/2000\/svg\">   <path d=\"M8 3.5a.5.5 0 0 0-1 0V9a.5.5 0 0 0 .252.434l3.5 2a.5.5 0 0 0 .496-.868L8 8.71V3.5z\"><\/path>   <path d=\"M8 16A8 8 0 1 0 8 0a8 8 0 0 0 0 16zm7-8A7 7 0 1 1 1 8a7 7 0 0 1 14 0z\"><\/path> <\/svg><\/span><span class=\"gb-headline-text\"><strong>160 Hores<\/strong><\/span><\/p>\n\n\n\n<p class=\"gb-headline gb-headline-ccaf0606\"><span class=\"gb-icon\"><svg viewbox=\"0 0 24 24\" fill=\"none\" xmlns=\"http:\/\/www.w3.org\/2000\/svg\">   <g id=\"SVGRepo_bgCarrier\" stroke-width=\"0\"><\/g>   <g id=\"SVGRepo_tracerCarrier\" stroke-linecap=\"round\" stroke-linejoin=\"round\"><\/g>   <g id=\"SVGRepo_iconCarrier\">     <path fill-rule=\"evenodd\" clip-rule=\"evenodd\" d=\"M7.78799 2H16.212C17.0305 1.99999 17.7061 1.99998 18.2561 2.04565C18.8274 2.0931 19.3523 2.19496 19.8439 2.45035C20.5745 2.82985 21.1702 3.42553 21.5497 4.1561C21.805 4.64774 21.9069 5.17258 21.9543 5.74393C22 6.29394 22 6.96949 22 7.78802V11.212C22 12.0305 22 12.7061 21.9543 13.2561C21.9069 13.8274 21.805 14.3523 21.5497 14.8439C21.1702 15.5745 20.5745 16.1702 19.8439 16.5497C19.3523 16.805 18.8274 16.9069 18.2561 16.9544C17.7061 17 17.0305 17 16.212 17H13V19H17C17.5523 19 18 19.4477 18 20C18 20.5523 17.5523 21 17 21H7C6.44772 21 6 20.5523 6 20C6 19.4477 6.44772 19 7 19H11V17H7.78798C6.96946 17 6.29393 17 5.74393 16.9544C5.17258 16.9069 4.64774 16.805 4.1561 16.5497C3.42553 16.1702 2.82985 15.5745 2.45035 14.8439C2.19496 14.3523 2.0931 13.8274 2.04565 13.2561C1.99998 12.7061 1.99999 12.0305 2 11.212V7.78799C1.99999 6.96947 1.99998 6.29393 2.04565 5.74393C2.0931 5.17258 2.19496 4.64774 2.45035 4.1561C2.82985 3.42553 3.42553 2.82985 4.1561 2.45035C4.64774 2.19496 5.17258 2.0931 5.74393 2.04565C6.29393 1.99998 6.96947 1.99999 7.78799 2ZM16.17 15C17.041 15 17.6331 14.9992 18.0905 14.9612C18.536 14.9242 18.7634 14.8572 18.9219 14.7748C19.2872 14.5851 19.5851 14.2872 19.7748 13.9219C19.8572 13.7634 19.9242 13.536 19.9612 13.0905C19.9992 12.6331 20 12.041 20 11.17V7.83C20 6.95898 19.9992 6.36686 19.9612 5.90945C19.9242 5.46401 19.8572 5.23663 19.7748 5.07805C19.5851 4.71277 19.2872 4.41493 18.9219 4.22517C18.7634 4.1428 18.536 4.07578 18.0905 4.03879C17.6331 4.0008 17.041 4 16.17 4H7.83C6.95898 4 6.36686 4.0008 5.90945 4.03879C5.46401 4.07578 5.23663 4.1428 5.07805 4.22517C4.71277 4.41493 4.41493 4.71277 4.22517 5.07805C4.1428 5.23663 4.07578 5.46401 4.03879 5.90945C4.0008 6.36686 4 6.95898 4 7.83V11.17C4 12.041 4.0008 12.6331 4.03879 13.0905C4.07578 13.536 4.1428 13.7634 4.22517 13.9219C4.41493 14.2872 4.71277 14.5851 5.07805 14.7748C5.23663 14.8572 5.46401 14.9242 5.90945 14.9612C6.36686 14.9992 6.95898 15 7.83 15H16.17Z\"><\/path>   <\/g> <\/svg><\/span><span class=\"gb-headline-text\"><strong>Online<\/strong><\/span><\/p>\n<\/div>\n\n<\/div>\n\n<div class=\"gb-container gb-container-5b9d4b12 alignfull\">\n\n<a class=\"gb-button gb-button-72ddf0f6\" href=\"\/cat\/curso-de-especialista-en-transformacion-digital-y-desarrollo-sostenible\/\"><span class=\"gb-icon\"><svg aria-hidden=\"true\" role=\"img\" height=\"1em\" width=\"1em\" viewbox=\"0 0 256 512\" xmlns=\"http:\/\/www.w3.org\/2000\/svg\"><path fill=\"currentColor\" d=\"M224.3 273l-136 136c-9.4 9.4-24.6 9.4-33.9 0l-22.6-22.6c-9.4-9.4-9.4-24.6 0-33.9l96.4-96.4-96.4-96.4c-9.4-9.4-9.4-24.6 0-33.9L54.3 103c9.4-9.4 24.6-9.4 33.9 0l136 136c9.5 9.4 9.5 24.6.1 34z\"><\/path><\/svg><\/span><span class=\"gb-button-text\"><strong><strong>VEURE CURS<\/strong><\/strong><\/span><\/a>\n\n<\/div>\n<\/div>\n<\/div><\/div>\n\n<div data-aos-duration=\"1000\" data-aos=\"fade-up\" class=\"gb-grid-column gb-grid-column-1e4c88f3\"><div class=\"gb-container gb-container-1e4c88f3 animado\">\n<div class=\"gb-container gb-container-82004fd0\">\n\n<figure class=\"gb-block-image gb-block-image-82ac8678\"><img loading=\"lazy\" decoding=\"async\" width=\"573\" height=\"219\" class=\"gb-image gb-image-82ac8678\" src=\"https:\/\/sepeformacion.grupomainjobs.com\/wp-content\/uploads\/2024\/11\/Frame-168-1.png\" alt=\"\" title=\"Frame 168 1\" srcset=\"https:\/\/sepeformacion.grupomainjobs.com\/wp-content\/uploads\/2024\/11\/Frame-168-1.png 573w, https:\/\/sepeformacion.grupomainjobs.com\/wp-content\/uploads\/2024\/11\/Frame-168-1-300x115.png 300w, https:\/\/sepeformacion.grupomainjobs.com\/wp-content\/uploads\/2024\/11\/Frame-168-1-18x7.png 18w, https:\/\/sepeformacion.grupomainjobs.com\/wp-content\/uploads\/2024\/11\/Frame-168-1-500x191.png 500w\" sizes=\"auto, (max-width: 573px) 100vw, 573px\" \/><\/figure>\n\n\n\n<h2 class=\"gb-headline gb-headline-42552605 gb-headline-text\"><a href=\"https:\/\/sepeformacion.grupomainjobs.com\/cat\/curso-marketing-digital-y-desarrollo-sostenible\/\">M\u00e0rqueting digital i desenvolupament sostenible<\/a><\/h2>\n\n\n<div class=\"gb-container gb-container-559a8228\">\n\n<div class=\"wp-block-group is-layout-grid wp-container-core-group-is-layout-01f0f96e wp-block-group-is-layout-grid\" style=\"margin-top:0;margin-bottom:0\">\n<p class=\"gb-headline gb-headline-bb79532f\"><span class=\"gb-icon\"><svg viewbox=\"0 0 16 16\" class=\"bi bi-calendar3\" fill=\"currentColor\" height=\"16\" width=\"16\" xmlns=\"http:\/\/www.w3.org\/2000\/svg\">   <path d=\"M14 0H2a2 2 0 0 0-2 2v12a2 2 0 0 0 2 2h12a2 2 0 0 0 2-2V2a2 2 0 0 0-2-2zM1 3.857C1 3.384 1.448 3 2 3h12c.552 0 1 .384 1 .857v10.286c0 .473-.448.857-1 .857H2c-.552 0-1-.384-1-.857V3.857z\"><\/path>   <path d=\"M6.5 7a1 1 0 1 0 0-2 1 1 0 0 0 0 2zm3 0a1 1 0 1 0 0-2 1 1 0 0 0 0 2zm3 0a1 1 0 1 0 0-2 1 1 0 0 0 0 2zm-9 3a1 1 0 1 0 0-2 1 1 0 0 0 0 2zm3 0a1 1 0 1 0 0-2 1 1 0 0 0 0 2zm3 0a1 1 0 1 0 0-2 1 1 0 0 0 0 2zm3 0a1 1 0 1 0 0-2 1 1 0 0 0 0 2zm-9 3a1 1 0 1 0 0-2 1 1 0 0 0 0 2zm3 0a1 1 0 1 0 0-2 1 1 0 0 0 0 2zm3 0a1 1 0 1 0 0-2 1 1 0 0 0 0 2z\"><\/path> <\/svg><\/span><span class=\"gb-headline-text\"><strong><strong>Convocat\u00f2ria Oberta<\/strong><\/strong><\/span><\/p>\n<\/div>\n\n\n\n<div class=\"wp-block-group is-layout-grid wp-container-core-group-is-layout-29271053 wp-block-group-is-layout-grid\">\n<p class=\"gb-headline gb-headline-35f162ec\"><span class=\"gb-icon\"><svg viewbox=\"0 0 16 16\" class=\"bi bi-clock\" fill=\"currentColor\" height=\"16\" width=\"16\" xmlns=\"http:\/\/www.w3.org\/2000\/svg\">   <path d=\"M8 3.5a.5.5 0 0 0-1 0V9a.5.5 0 0 0 .252.434l3.5 2a.5.5 0 0 0 .496-.868L8 8.71V3.5z\"><\/path>   <path d=\"M8 16A8 8 0 1 0 8 0a8 8 0 0 0 0 16zm7-8A7 7 0 1 1 1 8a7 7 0 0 1 14 0z\"><\/path> <\/svg><\/span><span class=\"gb-headline-text\"><strong>160 Hores<\/strong><\/span><\/p>\n\n\n\n<p class=\"gb-headline gb-headline-f214a758\"><span class=\"gb-icon\"><svg viewbox=\"0 0 24 24\" fill=\"none\" xmlns=\"http:\/\/www.w3.org\/2000\/svg\">   <g id=\"SVGRepo_bgCarrier\" stroke-width=\"0\"><\/g>   <g id=\"SVGRepo_tracerCarrier\" stroke-linecap=\"round\" stroke-linejoin=\"round\"><\/g>   <g id=\"SVGRepo_iconCarrier\">     <path fill-rule=\"evenodd\" clip-rule=\"evenodd\" d=\"M7.78799 2H16.212C17.0305 1.99999 17.7061 1.99998 18.2561 2.04565C18.8274 2.0931 19.3523 2.19496 19.8439 2.45035C20.5745 2.82985 21.1702 3.42553 21.5497 4.1561C21.805 4.64774 21.9069 5.17258 21.9543 5.74393C22 6.29394 22 6.96949 22 7.78802V11.212C22 12.0305 22 12.7061 21.9543 13.2561C21.9069 13.8274 21.805 14.3523 21.5497 14.8439C21.1702 15.5745 20.5745 16.1702 19.8439 16.5497C19.3523 16.805 18.8274 16.9069 18.2561 16.9544C17.7061 17 17.0305 17 16.212 17H13V19H17C17.5523 19 18 19.4477 18 20C18 20.5523 17.5523 21 17 21H7C6.44772 21 6 20.5523 6 20C6 19.4477 6.44772 19 7 19H11V17H7.78798C6.96946 17 6.29393 17 5.74393 16.9544C5.17258 16.9069 4.64774 16.805 4.1561 16.5497C3.42553 16.1702 2.82985 15.5745 2.45035 14.8439C2.19496 14.3523 2.0931 13.8274 2.04565 13.2561C1.99998 12.7061 1.99999 12.0305 2 11.212V7.78799C1.99999 6.96947 1.99998 6.29393 2.04565 5.74393C2.0931 5.17258 2.19496 4.64774 2.45035 4.1561C2.82985 3.42553 3.42553 2.82985 4.1561 2.45035C4.64774 2.19496 5.17258 2.0931 5.74393 2.04565C6.29393 1.99998 6.96947 1.99999 7.78799 2ZM16.17 15C17.041 15 17.6331 14.9992 18.0905 14.9612C18.536 14.9242 18.7634 14.8572 18.9219 14.7748C19.2872 14.5851 19.5851 14.2872 19.7748 13.9219C19.8572 13.7634 19.9242 13.536 19.9612 13.0905C19.9992 12.6331 20 12.041 20 11.17V7.83C20 6.95898 19.9992 6.36686 19.9612 5.90945C19.9242 5.46401 19.8572 5.23663 19.7748 5.07805C19.5851 4.71277 19.2872 4.41493 18.9219 4.22517C18.7634 4.1428 18.536 4.07578 18.0905 4.03879C17.6331 4.0008 17.041 4 16.17 4H7.83C6.95898 4 6.36686 4.0008 5.90945 4.03879C5.46401 4.07578 5.23663 4.1428 5.07805 4.22517C4.71277 4.41493 4.41493 4.71277 4.22517 5.07805C4.1428 5.23663 4.07578 5.46401 4.03879 5.90945C4.0008 6.36686 4 6.95898 4 7.83V11.17C4 12.041 4.0008 12.6331 4.03879 13.0905C4.07578 13.536 4.1428 13.7634 4.22517 13.9219C4.41493 14.2872 4.71277 14.5851 5.07805 14.7748C5.23663 14.8572 5.46401 14.9242 5.90945 14.9612C6.36686 14.9992 6.95898 15 7.83 15H16.17Z\"><\/path>   <\/g> <\/svg><\/span><span class=\"gb-headline-text\"><strong>Online<\/strong><\/span><\/p>\n<\/div>\n\n<\/div>\n\n<div class=\"gb-container gb-container-ea27e21b alignfull\">\n\n<a class=\"gb-button gb-button-214fd4f4\" href=\"https:\/\/sepeformacion.grupomainjobs.com\/cat\/curso-marketing-digital-y-desarrollo-sostenible\/\"><span class=\"gb-icon\"><svg aria-hidden=\"true\" role=\"img\" height=\"1em\" width=\"1em\" viewbox=\"0 0 256 512\" xmlns=\"http:\/\/www.w3.org\/2000\/svg\"><path fill=\"currentColor\" d=\"M224.3 273l-136 136c-9.4 9.4-24.6 9.4-33.9 0l-22.6-22.6c-9.4-9.4-9.4-24.6 0-33.9l96.4-96.4-96.4-96.4c-9.4-9.4-9.4-24.6 0-33.9L54.3 103c9.4-9.4 24.6-9.4 33.9 0l136 136c9.5 9.4 9.5 24.6.1 34z\"><\/path><\/svg><\/span><span class=\"gb-button-text\"><strong><strong>VEURE CURS<\/strong><\/strong><\/span><\/a>\n\n<\/div>\n<\/div>\n<\/div><\/div>\n\n\n\n\n\n\n<\/div>\n<\/div><\/div>\n<\/div>\n<\/div>","protected":false},"excerpt":{"rendered":"<p>Tria entre els cursos seg\u00fcents: Tria entre els cursos seg\u00fcents<\/p>","protected":false},"author":3,"featured_media":52,"parent":0,"menu_order":0,"comment_status":"closed","ping_status":"closed","template":"","meta":{"footnotes":""},"class_list":["post-12","page","type-page","status-publish","has-post-thumbnail","hentry"],"blocksy_meta":{"vertical_spacing_source":"custom","content_area_spacing":"none","styles_descriptor":{"styles":{"desktop":"","tablet":"","mobile":""},"google_fonts":[],"version":6}},"yoast_head":"<!-- This site is optimized with the Yoast SEO plugin v26.9 - https:\/\/yoast.com\/product\/yoast-seo-wordpress\/ -->\n<title>Digitalizaci\u00f3n profesional - SEPE Formaci\u00f3n<\/title>\n<meta name=\"description\" content=\"Digitalizaci\u00f3n profesional. Certif\u00edcate online en nuevas competencias profesionales. Liderazgo de transformaci\u00f3n digital y sostenibilidad.\" \/>\n<meta name=\"robots\" content=\"index, follow, max-snippet:-1, max-image-preview:large, max-video-preview:-1\" \/>\n<link rel=\"canonical\" href=\"https:\/\/sepeformacion.grupomainjobs.com\/cat\/\" \/>\n<meta property=\"og:locale\" content=\"ca_ES\" \/>\n<meta property=\"og:type\" content=\"article\" \/>\n<meta property=\"og:title\" content=\"Digitalizaci\u00f3n profesional - SEPE Formaci\u00f3n\" \/>\n<meta property=\"og:description\" content=\"Digitalizaci\u00f3n profesional. Certif\u00edcate online en nuevas competencias profesionales. Liderazgo de transformaci\u00f3n digital y sostenibilidad.\" \/>\n<meta property=\"og:url\" content=\"https:\/\/sepeformacion.grupomainjobs.com\/cat\/\" \/>\n<meta property=\"og:site_name\" content=\"SEPE Formaci\u00f3n\" \/>\n<meta property=\"article:modified_time\" content=\"2025-08-21T08:39:30+00:00\" \/>\n<meta property=\"og:image\" content=\"https:\/\/sepeformacion.grupomainjobs.com\/wp-content\/uploads\/2024\/01\/digitalizacion-profesional-1.jpg\" \/>\n\t<meta property=\"og:image:width\" content=\"1500\" \/>\n\t<meta property=\"og:image:height\" content=\"1001\" \/>\n\t<meta property=\"og:image:type\" content=\"image\/jpeg\" \/>\n<meta name=\"twitter:card\" content=\"summary_large_image\" \/>\n<meta name=\"twitter:label1\" content=\"Temps estimat de lectura\" \/>\n\t<meta name=\"twitter:data1\" content=\"2 minuts\" \/>\n<script type=\"application\/ld+json\" class=\"yoast-schema-graph\">{\"@context\":\"https:\/\/schema.org\",\"@graph\":[{\"@type\":\"WebPage\",\"@id\":\"https:\/\/sepeformacion.grupomainjobs.com\/\",\"url\":\"https:\/\/sepeformacion.grupomainjobs.com\/\",\"name\":\"Digitalizaci\u00f3n profesional - SEPE Formaci\u00f3n\",\"isPartOf\":{\"@id\":\"https:\/\/sepeformacion.grupomainjobs.com\/#website\"},\"primaryImageOfPage\":{\"@id\":\"https:\/\/sepeformacion.grupomainjobs.com\/#primaryimage\"},\"image\":{\"@id\":\"https:\/\/sepeformacion.grupomainjobs.com\/#primaryimage\"},\"thumbnailUrl\":\"https:\/\/sepeformacion.grupomainjobs.com\/wp-content\/uploads\/2024\/01\/digitalizacion-profesional-1.jpg\",\"datePublished\":\"2024-01-09T12:40:38+00:00\",\"dateModified\":\"2025-08-21T08:39:30+00:00\",\"description\":\"Digitalizaci\u00f3n profesional. Certif\u00edcate online en nuevas competencias profesionales. Liderazgo de transformaci\u00f3n digital y sostenibilidad.\",\"inLanguage\":\"ca\",\"potentialAction\":[{\"@type\":\"ReadAction\",\"target\":[\"https:\/\/sepeformacion.grupomainjobs.com\/\"]}]},{\"@type\":\"ImageObject\",\"inLanguage\":\"ca\",\"@id\":\"https:\/\/sepeformacion.grupomainjobs.com\/#primaryimage\",\"url\":\"https:\/\/sepeformacion.grupomainjobs.com\/wp-content\/uploads\/2024\/01\/digitalizacion-profesional-1.jpg\",\"contentUrl\":\"https:\/\/sepeformacion.grupomainjobs.com\/wp-content\/uploads\/2024\/01\/digitalizacion-profesional-1.jpg\",\"width\":1500,\"height\":1001},{\"@type\":\"WebSite\",\"@id\":\"https:\/\/sepeformacion.grupomainjobs.com\/#website\",\"url\":\"https:\/\/sepeformacion.grupomainjobs.com\/\",\"name\":\"SEPE Formaci\u00f3n\",\"description\":\"Certif\u00edcate online en nuevas competencias profesionales.\",\"publisher\":{\"@id\":\"https:\/\/sepeformacion.grupomainjobs.com\/#organization\"},\"potentialAction\":[{\"@type\":\"SearchAction\",\"target\":{\"@type\":\"EntryPoint\",\"urlTemplate\":\"https:\/\/sepeformacion.grupomainjobs.com\/?s={search_term_string}\"},\"query-input\":{\"@type\":\"PropertyValueSpecification\",\"valueRequired\":true,\"valueName\":\"search_term_string\"}}],\"inLanguage\":\"ca\"},{\"@type\":\"Organization\",\"@id\":\"https:\/\/sepeformacion.grupomainjobs.com\/#organization\",\"name\":\"SEPE Formaci\u00f3n\",\"url\":\"https:\/\/sepeformacion.grupomainjobs.com\/\",\"logo\":{\"@type\":\"ImageObject\",\"inLanguage\":\"ca\",\"@id\":\"https:\/\/sepeformacion.grupomainjobs.com\/#\/schema\/logo\/image\/\",\"url\":\"https:\/\/sepeformacion.grupomainjobs.com\/wp-content\/uploads\/2024\/01\/logos-cat-y-mainjobs.svg\",\"contentUrl\":\"https:\/\/sepeformacion.grupomainjobs.com\/wp-content\/uploads\/2024\/01\/logos-cat-y-mainjobs.svg\",\"width\":2114,\"height\":121,\"caption\":\"SEPE Formaci\u00f3n\"},\"image\":{\"@id\":\"https:\/\/sepeformacion.grupomainjobs.com\/#\/schema\/logo\/image\/\"}}]}<\/script>\n<!-- \/ Yoast SEO plugin. -->","yoast_head_json":{"title":"Digitalitzaci\u00f3 professional - SEPE Formaci\u00f3","description":"Digitalitzaci\u00f3 professional. Certifica&#039;t en l\u00ednia en noves compet\u00e8ncies professionals. Lideratge de transformaci\u00f3 digital i sostenibilitat.","robots":{"index":"index","follow":"follow","max-snippet":"max-snippet:-1","max-image-preview":"max-image-preview:large","max-video-preview":"max-video-preview:-1"},"canonical":"https:\/\/sepeformacion.grupomainjobs.com\/cat\/","og_locale":"ca_ES","og_type":"article","og_title":"Digitalizaci\u00f3n profesional - SEPE Formaci\u00f3n","og_description":"Digitalizaci\u00f3n profesional. Certif\u00edcate online en nuevas competencias profesionales. Liderazgo de transformaci\u00f3n digital y sostenibilidad.","og_url":"https:\/\/sepeformacion.grupomainjobs.com\/cat\/","og_site_name":"SEPE Formaci\u00f3n","article_modified_time":"2025-08-21T08:39:30+00:00","og_image":[{"width":1500,"height":1001,"url":"https:\/\/sepeformacion.grupomainjobs.com\/wp-content\/uploads\/2024\/01\/digitalizacion-profesional-1.jpg","type":"image\/jpeg"}],"twitter_card":"summary_large_image","twitter_misc":{"Temps estimat de lectura":"2 minuts"},"schema":{"@context":"https:\/\/schema.org","@graph":[{"@type":"WebPage","@id":"https:\/\/sepeformacion.grupomainjobs.com\/","url":"https:\/\/sepeformacion.grupomainjobs.com\/","name":"Digitalitzaci\u00f3 professional - SEPE Formaci\u00f3","isPartOf":{"@id":"https:\/\/sepeformacion.grupomainjobs.com\/#website"},"primaryImageOfPage":{"@id":"https:\/\/sepeformacion.grupomainjobs.com\/#primaryimage"},"image":{"@id":"https:\/\/sepeformacion.grupomainjobs.com\/#primaryimage"},"thumbnailUrl":"https:\/\/sepeformacion.grupomainjobs.com\/wp-content\/uploads\/2024\/01\/digitalizacion-profesional-1.jpg","datePublished":"2024-01-09T12:40:38+00:00","dateModified":"2025-08-21T08:39:30+00:00","description":"Digitalitzaci\u00f3 professional. Certifica&#039;t en l\u00ednia en noves compet\u00e8ncies professionals. Lideratge de transformaci\u00f3 digital i sostenibilitat.","inLanguage":"ca","potentialAction":[{"@type":"ReadAction","target":["https:\/\/sepeformacion.grupomainjobs.com\/"]}]},{"@type":"ImageObject","inLanguage":"ca","@id":"https:\/\/sepeformacion.grupomainjobs.com\/#primaryimage","url":"https:\/\/sepeformacion.grupomainjobs.com\/wp-content\/uploads\/2024\/01\/digitalizacion-profesional-1.jpg","contentUrl":"https:\/\/sepeformacion.grupomainjobs.com\/wp-content\/uploads\/2024\/01\/digitalizacion-profesional-1.jpg","width":1500,"height":1001},{"@type":"WebSite","@id":"https:\/\/sepeformacion.grupomainjobs.com\/#website","url":"https:\/\/sepeformacion.grupomainjobs.com\/","name":"SEPE Formaci\u00f3","description":"Certifica&#039;t en l\u00ednia en noves compet\u00e8ncies professionals.","publisher":{"@id":"https:\/\/sepeformacion.grupomainjobs.com\/#organization"},"potentialAction":[{"@type":"SearchAction","target":{"@type":"EntryPoint","urlTemplate":"https:\/\/sepeformacion.grupomainjobs.com\/?s={search_term_string}"},"query-input":{"@type":"PropertyValueSpecification","valueRequired":true,"valueName":"search_term_string"}}],"inLanguage":"ca"},{"@type":"Organization","@id":"https:\/\/sepeformacion.grupomainjobs.com\/#organization","name":"SEPE Formaci\u00f3","url":"https:\/\/sepeformacion.grupomainjobs.com\/","logo":{"@type":"ImageObject","inLanguage":"ca","@id":"https:\/\/sepeformacion.grupomainjobs.com\/#\/schema\/logo\/image\/","url":"https:\/\/sepeformacion.grupomainjobs.com\/wp-content\/uploads\/2024\/01\/logos-cat-y-mainjobs.svg","contentUrl":"https:\/\/sepeformacion.grupomainjobs.com\/wp-content\/uploads\/2024\/01\/logos-cat-y-mainjobs.svg","width":2114,"height":121,"caption":"SEPE Formaci\u00f3n"},"image":{"@id":"https:\/\/sepeformacion.grupomainjobs.com\/#\/schema\/logo\/image\/"}}]}},"_links":{"self":[{"href":"https:\/\/sepeformacion.grupomainjobs.com\/cat\/wp-json\/wp\/v2\/pages\/12","targetHints":{"allow":["GET"]}}],"collection":[{"href":"https:\/\/sepeformacion.grupomainjobs.com\/cat\/wp-json\/wp\/v2\/pages"}],"about":[{"href":"https:\/\/sepeformacion.grupomainjobs.com\/cat\/wp-json\/wp\/v2\/types\/page"}],"author":[{"embeddable":true,"href":"https:\/\/sepeformacion.grupomainjobs.com\/cat\/wp-json\/wp\/v2\/users\/3"}],"replies":[{"embeddable":true,"href":"https:\/\/sepeformacion.grupomainjobs.com\/cat\/wp-json\/wp\/v2\/comments?post=12"}],"version-history":[{"count":10,"href":"https:\/\/sepeformacion.grupomainjobs.com\/cat\/wp-json\/wp\/v2\/pages\/12\/revisions"}],"predecessor-version":[{"id":2262,"href":"https:\/\/sepeformacion.grupomainjobs.com\/cat\/wp-json\/wp\/v2\/pages\/12\/revisions\/2262"}],"wp:featuredmedia":[{"embeddable":true,"href":"https:\/\/sepeformacion.grupomainjobs.com\/cat\/wp-json\/wp\/v2\/media\/52"}],"wp:attachment":[{"href":"https:\/\/sepeformacion.grupomainjobs.com\/cat\/wp-json\/wp\/v2\/media?parent=12"}],"curies":[{"name":"wp","href":"https:\/\/api.w.org\/{rel}","templated":true}]}}